{"id":121,"date":"2015-09-12T00:12:16","date_gmt":"2015-09-11T23:12:16","guid":{"rendered":"http:\/\/judoposeidon.be\/wordpress\/?page_id=121"},"modified":"2025-12-17T15:16:50","modified_gmt":"2025-12-17T14:16:50","slug":"horaires-des-cours","status":"publish","type":"page","link":"https:\/\/judoposeidon.be\/wordpress\/horaires-des-cours\/","title":{"rendered":"Horaires des cours pour 2025\/2026"},"content":{"rendered":"\n<p>A partir du <strong>25 ao\u00fbt 202<\/strong>5, les cours\/entrainements se donnent suivant l&rsquo;horaire ci-dessous et les<strong> inscriptions se font uniquement pendant les heures de cours.<\/strong><\/p>\n\n\n\n<p>Les inscriptions en ligne sont cl\u00f4tur\u00e9es. Les inscriptions se font maintenant uniquement dans le dojo en d\u00e9but de cours.<\/p>\n\n\n\n<p><strong>Pour des raisons \u00e9videntes de s\u00e9curit\u00e9 et de qualit\u00e9, nous limitons les inscriptions par classe d\u2019\u00e2ge. <\/strong>D\u00e8s que le nombre d\u2019enfants maximum est atteint, les inscriptions seront cl\u00f4tur\u00e9es pour cette classe d\u2019\u00e2ge. <strong>Nous ne faisons pas de liste d\u2019attente.<\/strong> Pour savoir quels cours sont complets, veuillez regarder le tableau ci-dessous.<\/p>\n\n\n\n<p>Le club vend des<strong> \u00e9quipements de judo<\/strong> (judogi) \u00e0 des conditions tr\u00e8s int\u00e9ressantes. N&rsquo;h\u00e9sitez pas \u00e0 demander des renseignements aux enseignants et au secr\u00e9tariat. <\/p>\n\n\n\n<figure class=\"wp-block-image size-large\"><a href=\"https:\/\/judoposeidon.be\/wordpress\/wp-content\/uploads\/2022\/05\/judogi-ok.png\"><img loading=\"lazy\" decoding=\"async\" width=\"1024\" height=\"408\" src=\"https:\/\/judoposeidon.be\/wordpress\/wp-content\/uploads\/2022\/05\/judogi-ok-1024x408.png\" alt=\"\" class=\"wp-image-9133\" srcset=\"https:\/\/judoposeidon.be\/wordpress\/wp-content\/uploads\/2022\/05\/judogi-ok-1024x408.png 1024w, https:\/\/judoposeidon.be\/wordpress\/wp-content\/uploads\/2022\/05\/judogi-ok-300x120.png 300w, https:\/\/judoposeidon.be\/wordpress\/wp-content\/uploads\/2022\/05\/judogi-ok-768x306.png 768w, https:\/\/judoposeidon.be\/wordpress\/wp-content\/uploads\/2022\/05\/judogi-ok.png 1272w\" sizes=\"auto, (max-width: 1024px) 100vw, 1024px\" \/><\/a><\/figure>\n\n\n\n<p>Pour tous les renseignements vous pouvez envoyer un mail au secr\u00e9tariat (<a href=\"mailto:sandrine@judoposeidon.be\">info@judoposeidon.be<\/a>). <\/p>\n\n\n\n<p>Le programme d&rsquo;examens est <a href=\"https:\/\/judoposeidon.be\/wordpress\/wp-content\/uploads\/2024\/09\/Passage-de-Grade-24_05.pdf\">t\u00e9l\u00e9chargeable ici. <\/a><\/p>\n\n\n\n<h1 class=\"wp-block-heading\" id=\"horaire-pour-la-saison-2021-2022\"><strong>Horaire pour la saison 2025\/2026<\/strong><\/h1>\n\n\n\n<figure class=\"wp-block-table\"><table><tbody><tr><td><strong>Cat\u00e9gories<\/strong><\/td><td><strong>Ann\u00e9e de naissance<\/strong><\/td><td><strong>Age<\/strong><\/td><td>&nbsp;<strong>Information cours<\/strong><\/td><\/tr><tr><td><strong>Poussins<\/strong><br>COMPLET<\/td><td>2022<br>COMPLET<\/td><td>3 ans (accompli)<br>COMPLET<\/td><td>Mercredi 14h15 \u00e0 15h15<br>COMPLET<\/td><\/tr><tr><td><strong>Poussins<\/strong><br>COMPLET<\/td><td>2021<br>COMPLET<\/td><td>4 ans<br>COMPLET<\/td><td>Mercredi 14h15 \u00e0 15h15<br>COMPLET<\/td><\/tr><tr><td><strong>Poussins <\/strong><\/td><td>2020<\/td><td>5 ans  <\/td><td>Mercredi 15h25 \u00e0 16h25<\/td><\/tr><tr><td><strong>Benjamins<\/strong> <\/td><td>2019<\/td><td>6 ans<\/td><td>Lundi 17h20 \u00e0 18h20<br>&amp;<br>Mercredi 16h35 \u00e0 17h35<\/td><\/tr><tr><td><strong>Benjamins<\/strong><br>COMPLET<\/td><td>2018<br>COMPLET<\/td><td>7 ans<br>COMPLET<\/td><td>Mercredi 17h45 \u00e0 18h45<br>&amp;<br>Vendredi 17h20 \u00e0 18h20<br>COMPLET<\/td><\/tr><tr><td><strong>Pr\u00e9minimes<\/strong><br>COMPLET<\/td><td>2017 &#8211;&nbsp;2016<br>COMPLET<\/td><td>8 ans &#8211;&nbsp;9 ans<br>COMPLET<\/td><td>Mardi 17h20 \u00e0 18h20<br>&amp;<br>Jeudi 17h20 \u00e0 18h20<br>COMPLET<\/td><\/tr><tr><td><strong>Minimes<\/strong><\/td><td>2015 &#8211;&nbsp;2014<\/td><td>10 ans &#8211;&nbsp;<br>11 ans<br><\/td><td>Lundi 18h30 \u00e0 19h30<br>&amp;<br>Vendredi 18h30 \u00e0 19h30<\/td><\/tr><tr><td><strong>Cadets<\/strong><br>COMPLET<\/td><td>2013 &#8211; 2012<br>2011 &#8211; 2010<br>COMPLET<\/td><td>12 \u00e0 16 ans<br>COMPLET<\/td><td>Mardi 18h30 \u00e0 20h<br>&amp;<br>Jeudi 18h30 \u00e0 20h<br>COMPLET<\/td><\/tr><tr><td><strong>Espoirs<\/strong><\/td><td>2009 &#8211; 2008<\/td><td>17 &amp; 18 ans<\/td><td>Lundi 19h30 \u00e0 21h<br>&amp;<br>Vendredi 19h30 \u00e0 21h<\/td><\/tr><tr><td><strong>Juniors-S\u00e9niors<\/strong><\/td><td>2007 et avant<\/td><td>18 ans &amp; plus<\/td><td>Lundi 19h30 \u00e0 21h<br>&amp;<br>Mardi 20h \u00e0 22h <br>(cours ne waza ou uchi komi\/nage komi)<br>&amp;<br>Vendredi 19h30 \u00e0 21h<br>&amp;<br>Dimanche de\u00a014h \u00e0 16h <br>(pr\u00e9paration comp\u00e9tition &amp; grade)<\/td><\/tr><\/tbody><\/table><\/figure>\n","protected":false},"excerpt":{"rendered":"<p>A partir du 25 ao\u00fbt 2025, les cours\/entrainements se donnent suivant l&rsquo;horaire ci-dessous et les inscriptions se font uniquement pendant les heures de cours. Les inscriptions en ligne sont cl\u00f4tur\u00e9es. [&hellip;]<\/p>\n","protected":false},"author":1,"featured_media":0,"parent":0,"menu_order":0,"comment_status":"closed","ping_status":"closed","template":"","meta":{"ngg_post_thumbnail":0,"footnotes":""},"class_list":["post-121","page","type-page","status-publish","hentry"],"_links":{"self":[{"href":"https:\/\/judoposeidon.be\/wordpress\/wp-json\/wp\/v2\/pages\/121","targetHints":{"allow":["GET"]}}],"collection":[{"href":"https:\/\/judoposeidon.be\/wordpress\/wp-json\/wp\/v2\/pages"}],"about":[{"href":"https:\/\/judoposeidon.be\/wordpress\/wp-json\/wp\/v2\/types\/page"}],"author":[{"embeddable":true,"href":"https:\/\/judoposeidon.be\/wordpress\/wp-json\/wp\/v2\/users\/1"}],"replies":[{"embeddable":true,"href":"https:\/\/judoposeidon.be\/wordpress\/wp-json\/wp\/v2\/comments?post=121"}],"version-history":[{"count":162,"href":"https:\/\/judoposeidon.be\/wordpress\/wp-json\/wp\/v2\/pages\/121\/revisions"}],"predecessor-version":[{"id":11548,"href":"https:\/\/judoposeidon.be\/wordpress\/wp-json\/wp\/v2\/pages\/121\/revisions\/11548"}],"wp:attachment":[{"href":"https:\/\/judoposeidon.be\/wordpress\/wp-json\/wp\/v2\/media?parent=121"}],"curies":[{"name":"wp","href":"https:\/\/api.w.org\/{rel}","templated":true}]}}