{"id":1316,"date":"2016-12-26T12:07:55","date_gmt":"2016-12-26T11:07:55","guid":{"rendered":"http:\/\/judoposeidon.be\/wordpress\/?page_id=1316"},"modified":"2016-12-26T12:14:09","modified_gmt":"2016-12-26T11:14:09","slug":"competitions","status":"publish","type":"page","link":"https:\/\/judoposeidon.be\/wordpress\/competitions\/","title":{"rendered":"Comp\u00e9titions"},"content":{"rendered":"<p>Dans le sous-menu, vous trouverez <a href=\"https:\/\/judoposeidon.be\/wordpress\/annonces-competitions\/\">annonces de comp\u00e9titions<\/a> et <a href=\"https:\/\/judoposeidon.be\/wordpress\/resultats-competitions\/\">r\u00e9sultats des comp\u00e9titions<\/a>.<\/p>\n","protected":false},"excerpt":{"rendered":"<p>Dans le sous-menu, vous trouverez annonces de comp\u00e9titions et r\u00e9sultats des comp\u00e9titions.<\/p>\n","protected":false},"author":1,"featured_media":0,"parent":0,"menu_order":0,"comment_status":"closed","ping_status":"closed","template":"","meta":{"ngg_post_thumbnail":0,"footnotes":""},"class_list":["post-1316","page","type-page","status-publish","hentry"],"_links":{"self":[{"href":"https:\/\/judoposeidon.be\/wordpress\/wp-json\/wp\/v2\/pages\/1316","targetHints":{"allow":["GET"]}}],"collection":[{"href":"https:\/\/judoposeidon.be\/wordpress\/wp-json\/wp\/v2\/pages"}],"about":[{"href":"https:\/\/judoposeidon.be\/wordpress\/wp-json\/wp\/v2\/types\/page"}],"author":[{"embeddable":true,"href":"https:\/\/judoposeidon.be\/wordpress\/wp-json\/wp\/v2\/users\/1"}],"replies":[{"embeddable":true,"href":"https:\/\/judoposeidon.be\/wordpress\/wp-json\/wp\/v2\/comments?post=1316"}],"version-history":[{"count":2,"href":"https:\/\/judoposeidon.be\/wordpress\/wp-json\/wp\/v2\/pages\/1316\/revisions"}],"predecessor-version":[{"id":1322,"href":"https:\/\/judoposeidon.be\/wordpress\/wp-json\/wp\/v2\/pages\/1316\/revisions\/1322"}],"wp:attachment":[{"href":"https:\/\/judoposeidon.be\/wordpress\/wp-json\/wp\/v2\/media?parent=1316"}],"curies":[{"name":"wp","href":"https:\/\/api.w.org\/{rel}","templated":true}]}}