{"id":220,"date":"2015-11-06T12:15:27","date_gmt":"2015-11-06T11:15:27","guid":{"rendered":"http:\/\/judoposeidon.be\/wordpress\/?page_id=220"},"modified":"2025-01-20T20:37:51","modified_gmt":"2025-01-20T19:37:51","slug":"contact","status":"publish","type":"page","link":"https:\/\/judoposeidon.be\/wordpress\/contact\/","title":{"rendered":"Contact"},"content":{"rendered":"<p>Le secr\u00e9tariat du club est ferm\u00e9 <strong>du 14 juillet au 31 juillet inclus<\/strong>. N\u2019h\u00e9sitez pas \u00e0 consulter le site et\/ou \u00e0 envoyer un mail \u00e0 <a href=\"mailto:info@judoposeidon.be\"><strong>info@judoposeidon.be<\/strong><\/a> pour vos demandes de renseignements, une r\u00e9ponse vous sera apport\u00e9e le plus rapidement possible <strong>\u00e0 partir du 1er ao\u00fbt<\/strong>.<\/p>\n<table id=\"Table5\" border=\"0\" width=\"100%\" cellspacing=\"5\" cellpadding=\"0\">\n<tbody>\n<tr>\n<td width=\"266\"><b>DOJO et Si\u00e8ge social<\/b><br \/>\nComplexe sportif du Poseidon<br \/>\nAv. des Vaillants, 2<br \/>\n1200 Woluw\u00e9 Saint-Lambert<br \/>\nBelgique<br \/>\nEmail : <a href=\"mailto:info@judoposeidon.be\">info@judoposeidon.be<\/a><br \/>\nT\u00e9l. :&nbsp;(00 32) (0)496 47.27.74<b><br \/>\n<\/b><em>(Joignable tous les jours ouvrables de 17h \u00e0 19h30 sauf pendant les vacances scolaires de la F\u00e9d\u00e9ration Wallonie &#8211; Bruxelles)<\/em><\/td>\n<td width=\"266\"><b>Secr\u00e9tariat<\/b><br \/>\nSandrine Van De Veken<br \/>\nAv. du capricorne 191<br \/>\n1200 Bruxelles<br \/>\n<a href=\"mailto:sandrine@judoposeidon.be\">sandrine@judoposeidon.be<\/a><\/td>\n<\/tr>\n<\/tbody>\n<\/table>\n<p>Les r\u00e9f\u00e9rences bancaires du club sont :<br \/>\nIBAN : BE20 1431 2384 5156<\/p>\n<p>BIC : GEBABEBB<\/p>\n","protected":false},"excerpt":{"rendered":"<p>Le secr\u00e9tariat du club est ferm\u00e9 du 14 juillet au 31 juillet inclus. N\u2019h\u00e9sitez pas \u00e0 consulter le site et\/ou \u00e0 envoyer un mail \u00e0 info@judoposeidon.be pour vos demandes de [&hellip;]<\/p>\n","protected":false},"author":2,"featured_media":0,"parent":0,"menu_order":0,"comment_status":"closed","ping_status":"closed","template":"","meta":{"ngg_post_thumbnail":0,"footnotes":""},"class_list":["post-220","page","type-page","status-publish","hentry"],"_links":{"self":[{"href":"https:\/\/judoposeidon.be\/wordpress\/wp-json\/wp\/v2\/pages\/220","targetHints":{"allow":["GET"]}}],"collection":[{"href":"https:\/\/judoposeidon.be\/wordpress\/wp-json\/wp\/v2\/pages"}],"about":[{"href":"https:\/\/judoposeidon.be\/wordpress\/wp-json\/wp\/v2\/types\/page"}],"author":[{"embeddable":true,"href":"https:\/\/judoposeidon.be\/wordpress\/wp-json\/wp\/v2\/users\/2"}],"replies":[{"embeddable":true,"href":"https:\/\/judoposeidon.be\/wordpress\/wp-json\/wp\/v2\/comments?post=220"}],"version-history":[{"count":20,"href":"https:\/\/judoposeidon.be\/wordpress\/wp-json\/wp\/v2\/pages\/220\/revisions"}],"predecessor-version":[{"id":11072,"href":"https:\/\/judoposeidon.be\/wordpress\/wp-json\/wp\/v2\/pages\/220\/revisions\/11072"}],"wp:attachment":[{"href":"https:\/\/judoposeidon.be\/wordpress\/wp-json\/wp\/v2\/media?parent=220"}],"curies":[{"name":"wp","href":"https:\/\/api.w.org\/{rel}","templated":true}]}}