{"id":224,"date":"2015-11-06T12:18:20","date_gmt":"2015-11-06T11:18:20","guid":{"rendered":"http:\/\/judoposeidon.be\/wordpress\/?page_id=224"},"modified":"2025-01-20T20:37:00","modified_gmt":"2025-01-20T19:37:00","slug":"comite-2","status":"publish","type":"page","link":"https:\/\/judoposeidon.be\/wordpress\/comite-2\/","title":{"rendered":"Comit\u00e9"},"content":{"rendered":"\n<p><\/p>\n\n\n<p>&nbsp;<\/p>\n<p>Le comit\u00e9 du club se compose de la mani\u00e8re suivante :<\/p>\n<p>Sandrine Van De Veken Pr\u00e9sidente<\/p>\n<p>Samuel Maigret &nbsp; &nbsp; &nbsp; &nbsp; &nbsp; Secr\u00e9taire<\/p>\n<p>Andr\u00e9 Sterpin &nbsp; &nbsp; &nbsp; &nbsp; &nbsp; &nbsp;&nbsp; Tr\u00e9sorier<\/p>\n<p>Laurent Cubert<\/p>\n<p>Yaiselis Manzano<\/p>\n<p>&nbsp;<\/p>\n<table border=\"1\" width=\"800\" cellspacing=\"0\" cellpadding=\"4\">\n<tbody>\n<tr valign=\"top\">\n<td width=\"179\">\n<p align=\"center\"><a href=\"https:\/\/judoposeidon.be\/wordpress\/wp-content\/uploads\/2021\/10\/Sandrine_516_DSCF2446.jpg\"><img loading=\"lazy\" decoding=\"async\" class=\"alignnone wp-image-8678 size-full\" src=\"https:\/\/judoposeidon.be\/wordpress\/wp-content\/uploads\/2021\/10\/Sandrine_516_DSCF2446.jpg\" alt=\"\" width=\"516\" height=\"774\" srcset=\"https:\/\/judoposeidon.be\/wordpress\/wp-content\/uploads\/2021\/10\/Sandrine_516_DSCF2446.jpg 516w, https:\/\/judoposeidon.be\/wordpress\/wp-content\/uploads\/2021\/10\/Sandrine_516_DSCF2446-200x300.jpg 200w\" sizes=\"auto, (max-width: 516px) 100vw, 516px\" \/><\/a><\/p>\n<p align=\"center\">Sandrine Canter<\/p>\n<\/td>\n<td width=\"180\">\n<p align=\"center\"><a href=\"https:\/\/judoposeidon.be\/wordpress\/wp-content\/uploads\/2021\/10\/Samuel_recrop_516_DSCF2438.jpg\"><img loading=\"lazy\" decoding=\"async\" class=\"alignnone wp-image-8677 size-full\" src=\"https:\/\/judoposeidon.be\/wordpress\/wp-content\/uploads\/2021\/10\/Samuel_recrop_516_DSCF2438.jpg\" alt=\"\" width=\"516\" height=\"774\" srcset=\"https:\/\/judoposeidon.be\/wordpress\/wp-content\/uploads\/2021\/10\/Samuel_recrop_516_DSCF2438.jpg 516w, https:\/\/judoposeidon.be\/wordpress\/wp-content\/uploads\/2021\/10\/Samuel_recrop_516_DSCF2438-200x300.jpg 200w\" sizes=\"auto, (max-width: 516px) 100vw, 516px\" \/><\/a><\/p>\n<p align=\"center\">Samuel Maigret<\/p>\n<p align=\"center\">&nbsp;<\/p>\n<\/td>\n<\/tr>\n<tr valign=\"top\">\n<td width=\"179\">\n<p align=\"center\"><a href=\"https:\/\/judoposeidon.be\/wordpress\/wp-content\/uploads\/2021\/10\/Andre_recrop_516_DSCF2483.jpg\"><img loading=\"lazy\" decoding=\"async\" class=\"alignnone wp-image-8673 size-full\" src=\"https:\/\/judoposeidon.be\/wordpress\/wp-content\/uploads\/2021\/10\/Andre_recrop_516_DSCF2483.jpg\" alt=\"\" width=\"516\" height=\"774\" srcset=\"https:\/\/judoposeidon.be\/wordpress\/wp-content\/uploads\/2021\/10\/Andre_recrop_516_DSCF2483.jpg 516w, https:\/\/judoposeidon.be\/wordpress\/wp-content\/uploads\/2021\/10\/Andre_recrop_516_DSCF2483-200x300.jpg 200w\" sizes=\"auto, (max-width: 516px) 100vw, 516px\" \/><\/a><\/p>\n<p align=\"center\">Andr\u00e9 Sterpin<\/p>\n<\/td>\n<td width=\"180\">\n<p align=\"center\"><a href=\"https:\/\/judoposeidon.be\/wordpress\/wp-content\/uploads\/2015\/09\/Laurent_Cubert.jpg\"><img loading=\"lazy\" decoding=\"async\" class=\"alignnone wp-image-8673 size-full\" src=\"https:\/\/judoposeidon.be\/wordpress\/wp-content\/uploads\/2015\/09\/Laurent_Cubert.jpg\" alt=\"\" width=\"516\" height=\"774\"><\/a><\/p>\n<p align=\"center\">Laurent Cubert<\/p>\n<\/td>\n<\/tr>\n<tr valign=\"top\">\n<td width=\"179\">\n<p align=\"center\"><a href=\"https:\/\/judoposeidon.be\/wordpress\/wp-content\/uploads\/2021\/10\/Yaiselis_516_DSCF2461.jpg\"><img loading=\"lazy\" decoding=\"async\" class=\"alignnone wp-image-8677 size-full\" src=\"https:\/\/judoposeidon.be\/wordpress\/wp-content\/uploads\/2021\/10\/Yaiselis_516_DSCF2461.jpg\" alt=\"\" width=\"516\" height=\"774\"><\/a><\/p>\n<p align=\"center\">Yaiselis Manzano<\/p>\n<\/td>\n<td width=\"180\">\n<p align=\"center\">&nbsp;<\/p>\n<p align=\"center\">&nbsp;<\/p>\n<\/td>\n<\/tr>\n<\/tbody>\n<\/table>","protected":false},"excerpt":{"rendered":"<p>&nbsp; Le comit\u00e9 du club se compose de la mani\u00e8re suivante : Sandrine Van De Veken Pr\u00e9sidente Samuel Maigret &nbsp; &nbsp; &nbsp; &nbsp; &nbsp; Secr\u00e9taire Andr\u00e9 Sterpin &nbsp; &nbsp; &nbsp; [&hellip;]<\/p>\n","protected":false},"author":2,"featured_media":0,"parent":0,"menu_order":0,"comment_status":"closed","ping_status":"closed","template":"","meta":{"ngg_post_thumbnail":0,"footnotes":""},"class_list":["post-224","page","type-page","status-publish","hentry"],"_links":{"self":[{"href":"https:\/\/judoposeidon.be\/wordpress\/wp-json\/wp\/v2\/pages\/224","targetHints":{"allow":["GET"]}}],"collection":[{"href":"https:\/\/judoposeidon.be\/wordpress\/wp-json\/wp\/v2\/pages"}],"about":[{"href":"https:\/\/judoposeidon.be\/wordpress\/wp-json\/wp\/v2\/types\/page"}],"author":[{"embeddable":true,"href":"https:\/\/judoposeidon.be\/wordpress\/wp-json\/wp\/v2\/users\/2"}],"replies":[{"embeddable":true,"href":"https:\/\/judoposeidon.be\/wordpress\/wp-json\/wp\/v2\/comments?post=224"}],"version-history":[{"count":14,"href":"https:\/\/judoposeidon.be\/wordpress\/wp-json\/wp\/v2\/pages\/224\/revisions"}],"predecessor-version":[{"id":11070,"href":"https:\/\/judoposeidon.be\/wordpress\/wp-json\/wp\/v2\/pages\/224\/revisions\/11070"}],"wp:attachment":[{"href":"https:\/\/judoposeidon.be\/wordpress\/wp-json\/wp\/v2\/media?parent=224"}],"curies":[{"name":"wp","href":"https:\/\/api.w.org\/{rel}","templated":true}]}}