{"id":7218,"date":"2019-09-12T15:28:21","date_gmt":"2019-09-12T14:28:21","guid":{"rendered":"http:\/\/judoposeidon.be\/wordpress\/?page_id=7218"},"modified":"2025-08-21T11:51:16","modified_gmt":"2025-08-21T10:51:16","slug":"passages-de-grades","status":"publish","type":"page","link":"https:\/\/judoposeidon.be\/wordpress\/passages-de-grades\/","title":{"rendered":"Passages de grades Kyu &#038; Dan"},"content":{"rendered":"\n<ul class=\"wp-block-list\">\n<li><strong>Pour les passages Kyu dans le club<\/strong><br>Le programme type du club est <a href=\"https:\/\/judoposeidon.be\/wordpress\/wp-content\/uploads\/2024\/09\/Passage-de-Grade-24_05.pdf\">t\u00e9l\u00e9chargeable ici<\/a>.<\/li>\n<\/ul>\n\n\n\n<ul class=\"wp-block-list\">\n<li><strong>Pour les passages de grades Dan \u00e0 la Judo Wallonie Bruxelles<\/strong><br>Quelques informations utiles :\n\n\n\n\n<ul class=\"wp-block-list\">\n<li>les premiers jeudis du mois, il y a un cours pr\u00e9paratoire aux grades Dan \u00e0 Etterbeek de 18h30 \u00e0 20h30<\/li>\n\n\n\n<li>le programme sp\u00e9cifique \u00e0 chaque grade Dan est accessible : <a href=\"https:\/\/judowb.be\/wp-content\/uploads\/2023\/03\/Re%CC%81fe%CC%81rentiel-des-grades-1%C2%B0-5%C2%B0Dan-A4-5.pdf\">https:\/\/judowb.be\/wp-content\/uploads\/2023\/03\/Re%CC%81fe%CC%81rentiel-des-grades-1%C2%B0-5%C2%B0Dan-A4-5.pdf<\/a><\/li>\n\n\n\n<li>le formulaire de demande de passage est accessible :<a href=\" https:\/\/judowb.be\/wp-content\/uploads\/2023\/02\/formulaire_inscription_shodan_shiken_2023.pdf\"> https:\/\/judowb.be\/wp-content\/uploads\/2023\/02\/formulaire_inscription_shodan_shiken_2023.pdf<\/a><\/li>\n\n\n\n<li>le <strong>calendrier des Shiai<\/strong> pour la saison 2024-2025 est disponible :<a href=\"https:\/\/www.judowb.be\/wp-content\/uploads\/2025\/06\/2025-2026-grille-dates-shiai.pdf\">https:\/\/www.judowb.be\/wp-content\/uploads\/2025\/06\/2025-2026-grille-dates-shiai.pdf<\/a><\/li>\n<\/ul>\n\n\n\n<ul class=\"wp-block-list\">\n<li>le <strong>calendrier des passages\u00a0de\u00a0gardes<\/strong> pour 2025 (avec les dates limites des inscriptions) est disponible : <a href=\"https:\/\/www.judowb.be\/wp-content\/uploads\/2024\/09\/SDS-GRILLE-dates-expe%CC%81dition-cand-2024-2025-2.pdf\">https:\/\/judowb.be\/wp-content\/uploads\/2024\/09\/SDS-GRILLE-dates-expe%CC%81dition-cand-2024-2025-2.pdf<\/a><\/li>\n<\/ul>\n<\/li>\n<\/ul>\n\n\n\n<p><\/p>\n\n\n\n<p><\/p>\n","protected":false},"excerpt":{"rendered":"","protected":false},"author":2,"featured_media":0,"parent":0,"menu_order":0,"comment_status":"closed","ping_status":"closed","template":"","meta":{"ngg_post_thumbnail":0,"footnotes":""},"class_list":["post-7218","page","type-page","status-publish","hentry"],"_links":{"self":[{"href":"https:\/\/judoposeidon.be\/wordpress\/wp-json\/wp\/v2\/pages\/7218","targetHints":{"allow":["GET"]}}],"collection":[{"href":"https:\/\/judoposeidon.be\/wordpress\/wp-json\/wp\/v2\/pages"}],"about":[{"href":"https:\/\/judoposeidon.be\/wordpress\/wp-json\/wp\/v2\/types\/page"}],"author":[{"embeddable":true,"href":"https:\/\/judoposeidon.be\/wordpress\/wp-json\/wp\/v2\/users\/2"}],"replies":[{"embeddable":true,"href":"https:\/\/judoposeidon.be\/wordpress\/wp-json\/wp\/v2\/comments?post=7218"}],"version-history":[{"count":22,"href":"https:\/\/judoposeidon.be\/wordpress\/wp-json\/wp\/v2\/pages\/7218\/revisions"}],"predecessor-version":[{"id":11262,"href":"https:\/\/judoposeidon.be\/wordpress\/wp-json\/wp\/v2\/pages\/7218\/revisions\/11262"}],"wp:attachment":[{"href":"https:\/\/judoposeidon.be\/wordpress\/wp-json\/wp\/v2\/media?parent=7218"}],"curies":[{"name":"wp","href":"https:\/\/api.w.org\/{rel}","templated":true}]}}