{"id":73,"date":"2015-09-12T00:03:18","date_gmt":"2015-09-11T23:03:18","guid":{"rendered":"http:\/\/judoposeidon.be\/wordpress\/?page_id=73"},"modified":"2025-05-21T09:29:37","modified_gmt":"2025-05-21T08:29:37","slug":"stages","status":"publish","type":"page","link":"https:\/\/judoposeidon.be\/wordpress\/stages\/","title":{"rendered":"Stages"},"content":{"rendered":"<p>Les stages organis\u00e9s par l&rsquo;A.M. Royal Judo Club Poseidon Ryu sont accessibles \u00e0 <strong>tous les judokas licenci\u00e9s de 6 \u00e0 16 ans du club ou d&rsquo;autres clubs de judo<\/strong> \u00e0 l&rsquo;exception du stage d&rsquo;ao\u00fbt. Les stages ont lieu dans le <strong>Complexe Sportif Pos\u00e9idon<\/strong> et sont encadr\u00e9s par des enseignants de l&rsquo;A.M. Royal Judo Club Poseidon Ryu.<\/p>\n<p>Les <strong>horaires<\/strong> des stages sont de 9h \u00e0 17h <em>(avec un accueil de 8h30 \u00e0 9h)<\/em>. Chaque jour, les enfants auront 5h de judo, 1 repas chaud et 1 entr\u00e9e \u00e0 la piscine.<\/p>\n<p>Pour la saison 2024-2025, les stages seront organis\u00e9s aux dates suivantes :<\/p>\n<ul>\n<li>aucun<\/li>\n<\/ul>\n<p>Les inscriptions se font :<\/p>\n<ul>\n<li>\n<p>par l\u2019envoi d\u2019un mail \u00e0 <a href=\"mailto:sandrine@judoposeidon.be\">Sandrine<\/a> en pr\u00e9cisant le stage, le nom, pr\u00e9nom, la date de naissance, un num\u00e9ro de t\u00e9l\u00e9phone en cas d&rsquo;urgence et les \u00e9ventuelles allergies alimentaires<\/p>\n<\/li>\n<li>\n<p>en s\u2019adressant \u00e0 la personne pr\u00e9sente au secr\u00e9tariat dans le dojo pendant les heures de cours.<\/p>\n<\/li>\n<\/ul>\n<p>N\u2019h\u00e9sitez pas \u00e0 nous contacter pour plus d&rsquo;information.<\/p>\n\n\n<p><br><\/p>\n","protected":false},"excerpt":{"rendered":"<p>Les stages organis\u00e9s par l&rsquo;A.M. Royal Judo Club Poseidon Ryu sont accessibles \u00e0 tous les judokas licenci\u00e9s de 6 \u00e0 16 ans du club ou d&rsquo;autres clubs de judo \u00e0 [&hellip;]<\/p>\n","protected":false},"author":1,"featured_media":0,"parent":0,"menu_order":0,"comment_status":"closed","ping_status":"closed","template":"","meta":{"ngg_post_thumbnail":0,"footnotes":""},"class_list":["post-73","page","type-page","status-publish","hentry"],"_links":{"self":[{"href":"https:\/\/judoposeidon.be\/wordpress\/wp-json\/wp\/v2\/pages\/73","targetHints":{"allow":["GET"]}}],"collection":[{"href":"https:\/\/judoposeidon.be\/wordpress\/wp-json\/wp\/v2\/pages"}],"about":[{"href":"https:\/\/judoposeidon.be\/wordpress\/wp-json\/wp\/v2\/types\/page"}],"author":[{"embeddable":true,"href":"https:\/\/judoposeidon.be\/wordpress\/wp-json\/wp\/v2\/users\/1"}],"replies":[{"embeddable":true,"href":"https:\/\/judoposeidon.be\/wordpress\/wp-json\/wp\/v2\/comments?post=73"}],"version-history":[{"count":56,"href":"https:\/\/judoposeidon.be\/wordpress\/wp-json\/wp\/v2\/pages\/73\/revisions"}],"predecessor-version":[{"id":11200,"href":"https:\/\/judoposeidon.be\/wordpress\/wp-json\/wp\/v2\/pages\/73\/revisions\/11200"}],"wp:attachment":[{"href":"https:\/\/judoposeidon.be\/wordpress\/wp-json\/wp\/v2\/media?parent=73"}],"curies":[{"name":"wp","href":"https:\/\/api.w.org\/{rel}","templated":true}]}}