{"id":75,"date":"2015-09-12T00:03:37","date_gmt":"2015-09-11T23:03:37","guid":{"rendered":"http:\/\/judoposeidon.be\/wordpress\/?page_id=75"},"modified":"2025-09-04T10:15:15","modified_gmt":"2025-09-04T09:15:15","slug":"grandprixwoluwe","status":"publish","type":"page","link":"https:\/\/judoposeidon.be\/wordpress\/grandprixwoluwe\/","title":{"rendered":"Grand Prix de Woluw\u00e9"},"content":{"rendered":"<p>Le 10\u00e8me Grand Prix de Woluw\u00e9, initialement aura lieu le samedi 13 d\u00e9cembre 2025 au Complexe Sportif du Pos\u00e9idon.<\/p>\n<p>Toutes les informations sont sur l&rsquo;affiche suivante :<\/p>\n<p><a href=\"https:\/\/judoposeidon.be\/wordpress\/wp-content\/uploads\/2025\/09\/496627363_4074907266114314_2463110663051088530_n.jpg\"><img loading=\"lazy\" decoding=\"async\" class=\"alignnone size-medium wp-image-11330\" src=\"https:\/\/judoposeidon.be\/wordpress\/wp-content\/uploads\/2025\/09\/496627363_4074907266114314_2463110663051088530_n-212x300.jpg\" alt=\"\" width=\"212\" height=\"300\" srcset=\"https:\/\/judoposeidon.be\/wordpress\/wp-content\/uploads\/2025\/09\/496627363_4074907266114314_2463110663051088530_n-212x300.jpg 212w, https:\/\/judoposeidon.be\/wordpress\/wp-content\/uploads\/2025\/09\/496627363_4074907266114314_2463110663051088530_n.jpg 480w\" sizes=\"auto, (max-width: 212px) 100vw, 212px\" \/><\/a> <a href=\"https:\/\/judoposeidon.be\/wordpress\/wp-content\/uploads\/2025\/09\/505909869_722312553540014_6472826849415957174_n.jpg\"><img loading=\"lazy\" decoding=\"async\" class=\"alignnone size-medium wp-image-11331\" src=\"https:\/\/judoposeidon.be\/wordpress\/wp-content\/uploads\/2025\/09\/505909869_722312553540014_6472826849415957174_n-212x300.jpg\" alt=\"\" width=\"212\" height=\"300\" srcset=\"https:\/\/judoposeidon.be\/wordpress\/wp-content\/uploads\/2025\/09\/505909869_722312553540014_6472826849415957174_n-212x300.jpg 212w, https:\/\/judoposeidon.be\/wordpress\/wp-content\/uploads\/2025\/09\/505909869_722312553540014_6472826849415957174_n.jpg 480w\" sizes=\"auto, (max-width: 212px) 100vw, 212px\" \/><\/a><\/p>\n<p>Pour s&rsquo;inscrire, <strong>inscription obligatoire avant le 6\/12<\/strong> :&nbsp;<\/p>\n<p><a href=\"https:\/\/framaforms.org\/inscriptions-au-grand-prix-de-woluwe-2023-1693473379\" target=\"_\nblank\">https:\/\/framaforms.org\/inscriptions-au-grand-prix-de-woluwe-2024-1693473379<\/a><\/p>\n<p>&nbsp;<\/p>\n<hr>\n<p>&nbsp;<\/p>\n<p>&nbsp;<\/p>\n","protected":false},"excerpt":{"rendered":"<p>Le 10\u00e8me Grand Prix de Woluw\u00e9, initialement aura lieu le samedi 13 d\u00e9cembre 2025 au Complexe Sportif du Pos\u00e9idon. Toutes les informations sont sur l&rsquo;affiche suivante : Pour s&rsquo;inscrire, inscription [&hellip;]<\/p>\n","protected":false},"author":1,"featured_media":0,"parent":0,"menu_order":0,"comment_status":"closed","ping_status":"closed","template":"","meta":{"ngg_post_thumbnail":0,"footnotes":""},"class_list":["post-75","page","type-page","status-publish","hentry"],"_links":{"self":[{"href":"https:\/\/judoposeidon.be\/wordpress\/wp-json\/wp\/v2\/pages\/75","targetHints":{"allow":["GET"]}}],"collection":[{"href":"https:\/\/judoposeidon.be\/wordpress\/wp-json\/wp\/v2\/pages"}],"about":[{"href":"https:\/\/judoposeidon.be\/wordpress\/wp-json\/wp\/v2\/types\/page"}],"author":[{"embeddable":true,"href":"https:\/\/judoposeidon.be\/wordpress\/wp-json\/wp\/v2\/users\/1"}],"replies":[{"embeddable":true,"href":"https:\/\/judoposeidon.be\/wordpress\/wp-json\/wp\/v2\/comments?post=75"}],"version-history":[{"count":42,"href":"https:\/\/judoposeidon.be\/wordpress\/wp-json\/wp\/v2\/pages\/75\/revisions"}],"predecessor-version":[{"id":11335,"href":"https:\/\/judoposeidon.be\/wordpress\/wp-json\/wp\/v2\/pages\/75\/revisions\/11335"}],"wp:attachment":[{"href":"https:\/\/judoposeidon.be\/wordpress\/wp-json\/wp\/v2\/media?parent=75"}],"curies":[{"name":"wp","href":"https:\/\/api.w.org\/{rel}","templated":true}]}}